{"id":769,"date":"2022-10-07T10:03:49","date_gmt":"2022-10-07T08:03:49","guid":{"rendered":"http:\/\/luniondeslivres.com\/index.php\/one-page-express\/"},"modified":"2022-10-30T11:55:13","modified_gmt":"2022-10-30T10:55:13","slug":"martine-basso-et-jean-jacques-lujan-presentation","status":"publish","type":"page","link":"https:\/\/luniondeslivres.com\/index.php\/martine-basso-et-jean-jacques-lujan-presentation\/","title":{"rendered":"Enchant\u00e9s !"},"content":{"rendered":"<div class=\"pld-like-dislike-wrap pld-template-1\">\r\n    <div class=\"pld-like-wrap  pld-common-wrap\">\r\n    <a href=\"javascript:void(0)\" class=\"pld-like-trigger pld-like-dislike-trigger  \" title=\"J&#039;aime\" data-post-id=\"769\" data-trigger-type=\"like\" data-restriction=\"cookie\" data-already-liked=\"0\">\r\n                        <i class=\"fas fa-thumbs-up\"><\/i>\r\n                <\/a>\r\n    <span class=\"pld-like-count-wrap pld-count-wrap\">12    <\/span>\r\n<\/div><div class=\"pld-dislike-wrap  pld-common-wrap\">\r\n    <a href=\"javascript:void(0)\" class=\"pld-dislike-trigger pld-like-dislike-trigger  \" title=\"J&#039;aime moins\" data-post-id=\"769\" data-trigger-type=\"dislike\" data-restriction=\"cookie\" data-already-liked=\"0\">\r\n                        <i class=\"fas fa-thumbs-down\"><\/i>\r\n                <\/a>\r\n    <span class=\"pld-dislike-count-wrap pld-count-wrap\"><\/span>\r\n<\/div><\/div><div id=\"latest-posts\" class=\"blog-section\" style=\"background-color: #ffffff;\" data-label=\"Latest posts\" data-id=\"blog-section\" data-category=\"latest_news\">\n<div class=\"gridContainer\">\n<div class=\"blog-textrow\">\n<div class=\"blog-textcol dynamic-color\" data-type=\"column\">\n<h2 class=\"\">Permettez-nous de nous pr\u00e9senter&#8230;<\/h2>\n<div>Fr\u00e8re et s\u0153ur nous \u00e9crivons \u00e0 quatre mains sur les sujets qui nous passionnent et ils sont nombreux.<\/div>\n<div>\u00a0<\/div>\n<div><strong><img loading=\"lazy\" decoding=\"async\" class=\"size-thumbnail wp-image-943 alignleft\" src=\"https:\/\/luniondeslivres.com\/wp-content\/uploads\/2022\/10\/Avatar-Martine-150x150.jpg\" alt=\"Martine Basso Auteur\" width=\"150\" height=\"150\" srcset=\"https:\/\/luniondeslivres.com\/wp-content\/uploads\/2022\/10\/Avatar-Martine-150x150.jpg 150w, https:\/\/luniondeslivres.com\/wp-content\/uploads\/2022\/10\/Avatar-Martine-300x300.jpg 300w, https:\/\/luniondeslivres.com\/wp-content\/uploads\/2022\/10\/Avatar-Martine-100x100.jpg 100w, https:\/\/luniondeslivres.com\/wp-content\/uploads\/2022\/10\/Avatar-Martine.jpg 512w\" sizes=\"auto, (max-width: 150px) 100vw, 150px\" \/>Moi,<\/strong> le prof de maths physique, &#8220;<em>jeune depuis plus longtemps<\/em>&#8221; que mon cadet, j&#8217;aime les sciences et surtout les th\u00e9ories scientifiques qui offrent de vastes espaces de libert\u00e9 pour inventer des \u00e9nigmes.<\/div>\n<div>\u00a0<\/div>\n<div>L&#8217;\u00e9sot\u00e9risme que j&#8217;ai c\u00f4toy\u00e9 un certain nombre d&#8217;ann\u00e9es comme une sorte de qu\u00eate du Graal permet \u00e9galement \u00e0 l&#8217;imagination d&#8217;aborder de vastes territoires inconnus et fait naitre de belles histoires.<\/div>\n<div>\u00a0<\/div>\n<div><strong><img loading=\"lazy\" decoding=\"async\" class=\"size-thumbnail wp-image-944 alignleft\" src=\"https:\/\/luniondeslivres.com\/wp-content\/uploads\/2022\/10\/Avatar-Jjiji-150x150.jpg\" alt=\"Jean-Jacques Auteur\" width=\"150\" height=\"150\" srcset=\"https:\/\/luniondeslivres.com\/wp-content\/uploads\/2022\/10\/Avatar-Jjiji-150x150.jpg 150w, https:\/\/luniondeslivres.com\/wp-content\/uploads\/2022\/10\/Avatar-Jjiji-300x300.jpg 300w, https:\/\/luniondeslivres.com\/wp-content\/uploads\/2022\/10\/Avatar-Jjiji-100x100.jpg 100w, https:\/\/luniondeslivres.com\/wp-content\/uploads\/2022\/10\/Avatar-Jjiji.jpg 512w\" sizes=\"auto, (max-width: 150px) 100vw, 150px\" \/><\/strong><\/div>\n<div><strong>Lui,<\/strong> le professeur des \u00e9coles et le perfectionniste de l&#8217;\u00e9criture.<\/div>\n<div>Il est particuli\u00e8rement attach\u00e9 \u00e0 la beaut\u00e9 des mots qu&#8217;il n&#8217;h\u00e9site pas \u00e0 changer jusqu&#8217;\u00e0 pleine satisfaction.<\/div>\n<div>\u00a0<\/div>\n<div>Curieux et pointilleux, il ne peut s&#8217;emp\u00eacher d&#8217;\u00e9mailler nos r\u00e9cits de faits historiques qui forment le fond de la toile et renseignent le lecteur sur des \u00e9v\u00e9nements qui ont forg\u00e9 notre civilisation.<\/div>\n<div>\u00a0<\/div>\n<div>\u00a0<\/div>\n<div>\u00a0<\/div>\n<div><strong>Du coup, \u00e0 chacun ses t\u00e2ches :<\/strong><\/div>\n<ul>\n<li><strong>Moi,<\/strong> j&#8217;invente une histoire, une \u00e9nigme, des rebondissements et<\/li>\n<li><strong>Lui,<\/strong> intervient pour donner de la cr\u00e9dibilit\u00e9, enrichir le texte et les personnages.<br \/>Il n&#8217;a pas son pareil pour mettre des b\u00e2tons dans les roues de nos h\u00e9ros qui affrontent des situations catastrophiques \u00e0 cause de cet esprit rebelle qui le caract\u00e9rise.<\/li>\n<\/ul>\n<blockquote>\n<p class=\"\">Nous \u00e9crivons chaque jour quelques lignes ou chapitres (selon l\u2019inspiration)<br \/>Nous effectuons de nombreuses recherches qui peuvent aussi vous int\u00e9resser.<br \/>Nous partageons ici nos exp\u00e9riences, nos rencontres, nos salons\u2026 et parfois vos commentaires dont nous sommes friands&#8230;<\/p>\n<\/blockquote>\n<\/div>\n<\/div>\n<\/div>\n<\/div>\n<div id=\"team-1\" class=\"team-colors-section\" style=\"background-color: #ffffff;\" data-label=\"Team\" data-id=\"team-colors-section\" data-category=\"team\">\n<div class=\"gridContainer\">\n<div class=\"team-colors-textcol dynamic-color\">\n<p class=\"\">Pour mettre un visage sur un nom et le cas \u00e9ch\u00e9ant nous contacter<\/p>\n<p><img loading=\"lazy\" decoding=\"async\" class=\"wp-image-958 size-full\" src=\"https:\/\/luniondeslivres.com\/wp-content\/uploads\/2022\/10\/Martine-et-Jean-Jacques.jpeg\" alt=\"\" width=\"2000\" height=\"900\" srcset=\"https:\/\/luniondeslivres.com\/wp-content\/uploads\/2022\/10\/Martine-et-Jean-Jacques.jpeg 2000w, https:\/\/luniondeslivres.com\/wp-content\/uploads\/2022\/10\/Martine-et-Jean-Jacques-300x135.jpeg 300w, https:\/\/luniondeslivres.com\/wp-content\/uploads\/2022\/10\/Martine-et-Jean-Jacques-1024x461.jpeg 1024w, https:\/\/luniondeslivres.com\/wp-content\/uploads\/2022\/10\/Martine-et-Jean-Jacques-768x346.jpeg 768w, https:\/\/luniondeslivres.com\/wp-content\/uploads\/2022\/10\/Martine-et-Jean-Jacques-1536x691.jpeg 1536w, https:\/\/luniondeslivres.com\/wp-content\/uploads\/2022\/10\/Martine-et-Jean-Jacques-600x270.jpeg 600w\" sizes=\"auto, (max-width: 2000px) 100vw, 2000px\" \/><\/p>\n<\/div>\n<div class=\"team-colors-membersrow dark-text\" data-type=\"row\">\n<div class=\"team-colors-membercol cp6cols-tablet cp6cols\">\n<div class=\"team-colors-membercard\">\n<div class=\"team-colors-memberinfo\" style=\"text-align: left;\" data-type=\"column\">\n<h3>\u00c9crire \u00e0 deux, c\u2019est tellement mieux<\/h3>\n<p><img loading=\"lazy\" decoding=\"async\" class=\"wp-image-1023 size-medium alignleft\" src=\"https:\/\/luniondeslivres.com\/wp-content\/uploads\/2022\/10\/e80a89551dbde54badd4441234207544-300x202.png\" alt=\"\" width=\"300\" height=\"202\" srcset=\"https:\/\/luniondeslivres.com\/wp-content\/uploads\/2022\/10\/e80a89551dbde54badd4441234207544-300x202.png 300w, https:\/\/luniondeslivres.com\/wp-content\/uploads\/2022\/10\/e80a89551dbde54badd4441234207544-600x403.png 600w, https:\/\/luniondeslivres.com\/wp-content\/uploads\/2022\/10\/e80a89551dbde54badd4441234207544.png 640w\" sizes=\"auto, (max-width: 300px) 100vw, 300px\" \/><br \/>\u00c9crire \u00e0 deux, c\u2019est un peu comme jouer du piano \u00e0 quatre mains. Cela demande une grande complicit\u00e9, une compl\u00e9mentarit\u00e9 absolue et une excellente synchronisation. <br \/>Martine et Jean-Jacques poss\u00e8dent au plus haut point ces trois caract\u00e9ristiques.<\/p>\n<p>Martine, la fonceuse hyperactive, scientifique acharn\u00e9e, passionn\u00e9e d\u2019\u00e9sot\u00e9risme et Jean-Jacques, l\u2019indolent compagnon de voyage \u00e0 l\u2019humour tranchant, pratiquant volontiers l\u2019autod\u00e9rision, mordu d\u2019histoire contemporaine et de litt\u00e9rature, r\u00e9sument parfaitement cette d\u00e9finition.<\/p>\n<p>Martine s\u2019efforce de trouver dans le pass\u00e9, le plus souvent dans la Bible qu\u2019elle lit dans le texte en h\u00e9breu, une belle \u00e9nigme qui tiendra le lecteur en haleine, et cherche dans son entourage des personnages sympathiques qui lui serviront de mod\u00e8les pour camper ses h\u00e9ros.<\/p>\n<p>Jean-Jacques aff\u00fbte en r\u00eavassant ses armes pour lui concocter des adversaires bien f\u00e9roces qui s\u2019opposeront sans scrupules \u00e0 la qu\u00eate pour le bien des personnages cr\u00e9\u00e9s par sa s\u0153ur. <br \/>Ensuite l\u2019\u00e9criture commence\u2026<\/p>\n<p>C\u2019est l\u00e0 qu\u2019intervient la magie d\u2019internet. Nous \u00e9crivons tous deux dans un fichier commun ce qui permet de tenir compte des modifications apport\u00e9es par chacun sans risquer de perdre d\u2019information.<\/p>\n<p>Le prologue lance la machine, puis nos personnages tentent de suivre le synopsis que nous avons d\u00e9fini au d\u00e9part, mais leur farouche ind\u00e9pendance nous am\u00e8ne souvent \u00e0 les suivre dans leurs digressions. Et l\u00e0, h\u00e9las, nous ne pouvons plus rien contre la folle autonomie de ces r\u00e9fractaires litt\u00e9raires. Nous nous contentons alors de suivre les p\u00e9rip\u00e9ties de nos h\u00e9ros et tentons de les prot\u00e9ger de notre mieux des assauts r\u00e9p\u00e9t\u00e9s des maudits m\u00e9chants qui semblent pourtant souvent triompher.<\/p>\n<p>Quel soulagement lorsque le mot \u00ab Fin \u00bb vient confirmer la victoire des forces du bien sur celles du mal.<\/p>\n<hr class=\"team-colors-separator\" \/><\/div>\n<p>\u00a0<\/p>\n<\/div>\n<\/div>\n<\/div>\n<\/div>\n<\/div>\n<div id=\"about-1\" class=\"about-big-images-section\" style=\"background-color: #f6f6f6;\" data-label=\"About\" data-id=\"about-big-images-section\" data-category=\"about\">\n<div class=\"gridContainer\">\n<div class=\"about-big-images-textrow\">\n<div class=\"about-big-images-textcol dynamic-color\" data-type=\"column\">\n<h3>\u00c9crire \u00e0 deux, <span class=\"span25\">c\u2019est tellement mieux !<\/span><\/h3>\n<p class=\"\">Nos livres sont \u00e0 vendre, m\u00eame si notre objectif premier n\u2019a jamais \u00e9t\u00e9 de nous enrichir par ce biais.<br \/>Mais nous sommes heureux de partager avec vous ce qui nous anime: <strong>L\u2019enthousiasme! <br \/>Un ingr\u00e9dient indispensable \u00e0 une longue et belle vie telle que nous vous la souhaitons?.<br \/><\/strong><\/p>\n<p>MB\/JJL<\/p>\n<\/div>\n<\/div>\n<\/div>\n<\/div>\n<div id=\"contact-4\" class=\"contact-section-formsection white-text\" data-label=\"Contact\" data-id=\"contact-section\" data-category=\"contact\" data-bg=\"transparent\">\n<div class=\"gridContainer\">\n<div class=\"row_224\">\n<div class=\"contact-textrow\">\n<div class=\"contact-textcol dynamic-color\">\n<h2 class=\"\">Faites-nous un signe<\/h2>\n<p class=\"white_text\">Des id\u00e9es, des commentaires, des questions\u2026 utilisez ce formulaire<\/p>\n<\/div>\n<\/div>\n<\/div>\n<\/div>\n<\/div>\n\n\n<div class=\"wp-block-contact-form-7-contact-form-selector\">\n<div class=\"wpcf7 no-js\" id=\"wpcf7-f771-o1\" lang=\"fr-FR\" dir=\"ltr\" data-wpcf7-id=\"771\">\n<div class=\"screen-reader-response\"><p role=\"status\" aria-live=\"polite\" aria-atomic=\"true\"><\/p> <ul><\/ul><\/div>\n<form action=\"\/index.php\/wp-json\/wp\/v2\/pages\/769#wpcf7-f771-o1\" method=\"post\" class=\"wpcf7-form init\" aria-label=\"Formulaire de contact\" novalidate=\"novalidate\" data-status=\"init\">\n<fieldset class=\"hidden-fields-container\"><input type=\"hidden\" name=\"_wpcf7\" value=\"771\" \/><input type=\"hidden\" name=\"_wpcf7_version\" value=\"6.1.5\" \/><input type=\"hidden\" name=\"_wpcf7_locale\" value=\"fr_FR\" \/><input type=\"hidden\" name=\"_wpcf7_unit_tag\" value=\"wpcf7-f771-o1\" \/><input type=\"hidden\" name=\"_wpcf7_container_post\" value=\"0\" \/><input type=\"hidden\" name=\"_wpcf7_posted_data_hash\" value=\"\" \/>\n<\/fieldset>\n<p><label> Votre nom<br \/>\n<span class=\"wpcf7-form-control-wrap\" data-name=\"your-name\"><input size=\"40\" maxlength=\"400\" class=\"wpcf7-form-control wpcf7-text wpcf7-validates-as-required\" aria-required=\"true\" aria-invalid=\"false\" value=\"\" type=\"text\" name=\"your-name\" \/><\/span> <\/label>\n<\/p>\n<p><label> Votre e-mail<br \/>\n<span class=\"wpcf7-form-control-wrap\" data-name=\"your-email\"><input size=\"40\" maxlength=\"400\" class=\"wpcf7-form-control wpcf7-email wpcf7-validates-as-required wpcf7-text wpcf7-validates-as-email\" aria-required=\"true\" aria-invalid=\"false\" value=\"\" type=\"email\" name=\"your-email\" \/><\/span> <\/label>\n<\/p>\n<p><label> Objet<br \/>\n<span class=\"wpcf7-form-control-wrap\" data-name=\"your-subject\"><input size=\"40\" maxlength=\"400\" class=\"wpcf7-form-control wpcf7-text wpcf7-validates-as-required\" aria-required=\"true\" aria-invalid=\"false\" value=\"\" type=\"text\" name=\"your-subject\" \/><\/span> <\/label>\n<\/p>\n<p><label> Votre message (facultatif)<br \/>\n<span class=\"wpcf7-form-control-wrap\" data-name=\"your-message\"><textarea cols=\"40\" rows=\"10\" maxlength=\"2000\" class=\"wpcf7-form-control wpcf7-textarea\" aria-invalid=\"false\" name=\"your-message\"><\/textarea><\/span> <\/label>\n<\/p>\n<p><input class=\"wpcf7-form-control wpcf7-submit has-spinner\" type=\"submit\" value=\"Envoyer\" \/>\n<\/p><div class=\"wpcf7-response-output\" aria-hidden=\"true\"><\/div>\n<\/form>\n<\/div>\n<\/div>\n\n\n","protected":false},"excerpt":{"rendered":"<p>12 Permettez-nous de nous pr\u00e9senter&#8230; Fr\u00e8re et s\u0153ur nous \u00e9crivons \u00e0 quatre mains sur les sujets qui nous passionnent et ils sont nombreux. \u00a0 Moi, le prof de maths physique, &#8220;jeune depuis plus longtemps&#8221; que mon cadet, j&#8217;aime les sciences et surtout les th\u00e9ories scientifiques qui offrent de vastes espaces de libert\u00e9 pour inventer des&#8230;<\/p>\n","protected":false},"author":2,"featured_media":943,"parent":0,"menu_order":0,"comment_status":"open","ping_status":"closed","template":"","meta":{"footnotes":""},"class_list":["post-769","page","type-page","status-publish","has-post-thumbnail","hentry"],"_links":{"self":[{"href":"https:\/\/luniondeslivres.com\/index.php\/wp-json\/wp\/v2\/pages\/769","targetHints":{"allow":["GET"]}}],"collection":[{"href":"https:\/\/luniondeslivres.com\/index.php\/wp-json\/wp\/v2\/pages"}],"about":[{"href":"https:\/\/luniondeslivres.com\/index.php\/wp-json\/wp\/v2\/types\/page"}],"author":[{"embeddable":true,"href":"https:\/\/luniondeslivres.com\/index.php\/wp-json\/wp\/v2\/users\/2"}],"replies":[{"embeddable":true,"href":"https:\/\/luniondeslivres.com\/index.php\/wp-json\/wp\/v2\/comments?post=769"}],"version-history":[{"count":11,"href":"https:\/\/luniondeslivres.com\/index.php\/wp-json\/wp\/v2\/pages\/769\/revisions"}],"predecessor-version":[{"id":1063,"href":"https:\/\/luniondeslivres.com\/index.php\/wp-json\/wp\/v2\/pages\/769\/revisions\/1063"}],"wp:featuredmedia":[{"embeddable":true,"href":"https:\/\/luniondeslivres.com\/index.php\/wp-json\/wp\/v2\/media\/943"}],"wp:attachment":[{"href":"https:\/\/luniondeslivres.com\/index.php\/wp-json\/wp\/v2\/media?parent=769"}],"curies":[{"name":"wp","href":"https:\/\/api.w.org\/{rel}","templated":true}]}}