{"id":85,"date":"2022-06-23T04:34:35","date_gmt":"2022-06-23T04:34:35","guid":{"rendered":"https:\/\/optimus.qsandbox.com:3443\/apps\/qsandbox\/app_user\/qsu6361\/site\/estory.sites.qsandbox.com\/?page_id=85"},"modified":"2023-08-01T08:20:18","modified_gmt":"2023-08-01T06:20:18","slug":"contact-3","status":"publish","type":"page","link":"https:\/\/luniondeslivres.com\/index.php\/contact-3\/","title":{"rendered":"Contact"},"content":{"rendered":"<div class=\"pld-like-dislike-wrap pld-template-1\">\r\n    <div class=\"pld-like-wrap  pld-common-wrap\">\r\n    <a href=\"javascript:void(0)\" class=\"pld-like-trigger pld-like-dislike-trigger  \" title=\"J&#039;aime\" data-post-id=\"85\" data-trigger-type=\"like\" data-restriction=\"cookie\" data-already-liked=\"0\">\r\n                        <i class=\"fas fa-thumbs-up\"><\/i>\r\n                <\/a>\r\n    <span class=\"pld-like-count-wrap pld-count-wrap\">    <\/span>\r\n<\/div><div class=\"pld-dislike-wrap  pld-common-wrap\">\r\n    <a href=\"javascript:void(0)\" class=\"pld-dislike-trigger pld-like-dislike-trigger  \" title=\"J&#039;aime moins\" data-post-id=\"85\" data-trigger-type=\"dislike\" data-restriction=\"cookie\" data-already-liked=\"0\">\r\n                        <i class=\"fas fa-thumbs-down\"><\/i>\r\n                <\/a>\r\n    <span class=\"pld-dislike-count-wrap pld-count-wrap\"><\/span>\r\n<\/div><\/div>\n<p>Nos \u00e9crits vous int\u00e9ressent? Vous aimeriez en savoir plus sur nos personnages, les th\u00e8mes abord\u00e9s, les lieux \u00e9voqu\u00e9s ou m\u00eames sur nous&#8230;<\/p>\n\n\n\n<p>N&#8217;h\u00e9sitez pas \u00e0 nous contacter par mail <a href=\"mailto:contact@luniondeslivres.com\">contact@luniondeslivres.com<\/a><\/p>\n\n\n\n<p>merci pour votre int\u00e9r\u00eat.<\/p>\n\n\n\n<p><\/p>\n\n\n\n<p>ps: pour commander aupr\u00e8s de notre \u00e9diteur &#8220;VENT DES LETTRES&#8221;,  <a href=\"mailto:vent-des-lettres@gmx.fr\">vent-des-lettres@gmx.fr<\/a><\/p>\n","protected":false},"excerpt":{"rendered":"<p>Nos \u00e9crits vous int\u00e9ressent? Vous aimeriez en savoir plus sur nos personnages, les th\u00e8mes abord\u00e9s, les lieux \u00e9voqu\u00e9s ou m\u00eames sur nous&#8230; N&#8217;h\u00e9sitez pas \u00e0 nous contacter par mail contact@luniondeslivres.com merci pour votre int\u00e9r\u00eat. ps: pour commander aupr\u00e8s de notre \u00e9diteur &#8220;VENT DES LETTRES&#8221;, vent-des-lettres@gmx.fr<\/p>\n","protected":false},"author":3,"featured_media":0,"parent":0,"menu_order":0,"comment_status":"closed","ping_status":"closed","template":"","meta":{"footnotes":""},"class_list":["post-85","page","type-page","status-publish","hentry"],"_links":{"self":[{"href":"https:\/\/luniondeslivres.com\/index.php\/wp-json\/wp\/v2\/pages\/85","targetHints":{"allow":["GET"]}}],"collection":[{"href":"https:\/\/luniondeslivres.com\/index.php\/wp-json\/wp\/v2\/pages"}],"about":[{"href":"https:\/\/luniondeslivres.com\/index.php\/wp-json\/wp\/v2\/types\/page"}],"author":[{"embeddable":true,"href":"https:\/\/luniondeslivres.com\/index.php\/wp-json\/wp\/v2\/users\/3"}],"replies":[{"embeddable":true,"href":"https:\/\/luniondeslivres.com\/index.php\/wp-json\/wp\/v2\/comments?post=85"}],"version-history":[{"count":2,"href":"https:\/\/luniondeslivres.com\/index.php\/wp-json\/wp\/v2\/pages\/85\/revisions"}],"predecessor-version":[{"id":1119,"href":"https:\/\/luniondeslivres.com\/index.php\/wp-json\/wp\/v2\/pages\/85\/revisions\/1119"}],"wp:attachment":[{"href":"https:\/\/luniondeslivres.com\/index.php\/wp-json\/wp\/v2\/media?parent=85"}],"curies":[{"name":"wp","href":"https:\/\/api.w.org\/{rel}","templated":true}]}}