{"id":976,"date":"2022-10-15T09:56:09","date_gmt":"2022-10-15T07:56:09","guid":{"rendered":"https:\/\/luniondeslivres.com\/?page_id=976"},"modified":"2023-08-01T08:30:10","modified_gmt":"2023-08-01T06:30:10","slug":"lodyssee-de-la-dynastie-du-graal","status":"publish","type":"page","link":"https:\/\/luniondeslivres.com\/index.php\/lodyssee-de-la-dynastie-du-graal\/","title":{"rendered":"Le dernier secret de Broc\u00e9liande."},"content":{"rendered":"<div class=\"pld-like-dislike-wrap pld-template-1\">\r\n    <div class=\"pld-like-wrap  pld-common-wrap\">\r\n    <a href=\"javascript:void(0)\" class=\"pld-like-trigger pld-like-dislike-trigger  \" title=\"J&#039;aime\" data-post-id=\"976\" data-trigger-type=\"like\" data-restriction=\"cookie\" data-already-liked=\"0\">\r\n                        <i class=\"fas fa-thumbs-up\"><\/i>\r\n                <\/a>\r\n    <span class=\"pld-like-count-wrap pld-count-wrap\">    <\/span>\r\n<\/div><div class=\"pld-dislike-wrap  pld-common-wrap\">\r\n    <a href=\"javascript:void(0)\" class=\"pld-dislike-trigger pld-like-dislike-trigger  \" title=\"J&#039;aime moins\" data-post-id=\"976\" data-trigger-type=\"dislike\" data-restriction=\"cookie\" data-already-liked=\"0\">\r\n                        <i class=\"fas fa-thumbs-down\"><\/i>\r\n                <\/a>\r\n    <span class=\"pld-dislike-count-wrap pld-count-wrap\"><\/span>\r\n<\/div><\/div>\n<p>\u00c0 sa mort, le dernier roi m\u00e9rovingien, est embaum\u00e9 et conduit par sa garde personnelle, en un lieu sacr\u00e9 en for\u00eat de Broc\u00e9liande.<\/p>\n\n\n\n<p>Que cache la myst\u00e9rieuse partition d\u00e9couverte par Amp\u00e8re, un des piliers de l\u2019\u00e9lectro-magn\u00e9tisme&nbsp;? Quel rapport entre ce savant et ces premiers rois de France&nbsp;?<\/p>\n\n\n\n<p>Comment Arturo, le r\u00e9fugi\u00e9 r\u00e9publicain espagnol et Emma sa compagne se retrouveront-ils au c\u0153ur d\u2019une formidable d\u00e9couverte au tout d\u00e9but de la seconde guerre mondiale&nbsp;?<\/p>\n\n\n\n<p>La r\u00e9ponse ne d\u00e9pend que de vous&nbsp;!<\/p>\n\n\n\n<figure class=\"wp-block-gallery has-nested-images columns-default is-cropped wp-block-gallery-1 is-layout-flex wp-block-gallery-is-layout-flex\">\n<figure class=\"wp-block-image size-large\"><img loading=\"lazy\" decoding=\"async\" width=\"725\" height=\"1024\" data-id=\"1095\" src=\"https:\/\/luniondeslivres.com\/wp-content\/uploads\/2023\/04\/Couvertur-Vert-dernier-secret-de-broceliande-725x1024.jpg\" alt=\"\" class=\"wp-image-1095\" srcset=\"https:\/\/luniondeslivres.com\/wp-content\/uploads\/2023\/04\/Couvertur-Vert-dernier-secret-de-broceliande-725x1024.jpg 725w, https:\/\/luniondeslivres.com\/wp-content\/uploads\/2023\/04\/Couvertur-Vert-dernier-secret-de-broceliande-213x300.jpg 213w, https:\/\/luniondeslivres.com\/wp-content\/uploads\/2023\/04\/Couvertur-Vert-dernier-secret-de-broceliande-768x1084.jpg 768w, https:\/\/luniondeslivres.com\/wp-content\/uploads\/2023\/04\/Couvertur-Vert-dernier-secret-de-broceliande-1088x1536.jpg 1088w, https:\/\/luniondeslivres.com\/wp-content\/uploads\/2023\/04\/Couvertur-Vert-dernier-secret-de-broceliande-1451x2048.jpg 1451w, https:\/\/luniondeslivres.com\/wp-content\/uploads\/2023\/04\/Couvertur-Vert-dernier-secret-de-broceliande-1320x1863.jpg 1320w, https:\/\/luniondeslivres.com\/wp-content\/uploads\/2023\/04\/Couvertur-Vert-dernier-secret-de-broceliande-600x847.jpg 600w, https:\/\/luniondeslivres.com\/wp-content\/uploads\/2023\/04\/Couvertur-Vert-dernier-secret-de-broceliande-scaled.jpg 1814w\" sizes=\"auto, (max-width: 725px) 100vw, 725px\" \/><\/figure>\n\n\n\n<figure class=\"wp-block-image size-large\"><img loading=\"lazy\" decoding=\"async\" width=\"688\" height=\"1024\" data-id=\"1097\" src=\"https:\/\/luniondeslivres.com\/wp-content\/uploads\/2023\/04\/4em-de-couverture-broceliande-688x1024.jpg\" alt=\"\" class=\"wp-image-1097\" srcset=\"https:\/\/luniondeslivres.com\/wp-content\/uploads\/2023\/04\/4em-de-couverture-broceliande-688x1024.jpg 688w, https:\/\/luniondeslivres.com\/wp-content\/uploads\/2023\/04\/4em-de-couverture-broceliande-201x300.jpg 201w, https:\/\/luniondeslivres.com\/wp-content\/uploads\/2023\/04\/4em-de-couverture-broceliande-768x1143.jpg 768w, https:\/\/luniondeslivres.com\/wp-content\/uploads\/2023\/04\/4em-de-couverture-broceliande-1032x1536.jpg 1032w, https:\/\/luniondeslivres.com\/wp-content\/uploads\/2023\/04\/4em-de-couverture-broceliande-1376x2048.jpg 1376w, https:\/\/luniondeslivres.com\/wp-content\/uploads\/2023\/04\/4em-de-couverture-broceliande-1320x1965.jpg 1320w, https:\/\/luniondeslivres.com\/wp-content\/uploads\/2023\/04\/4em-de-couverture-broceliande-600x893.jpg 600w, https:\/\/luniondeslivres.com\/wp-content\/uploads\/2023\/04\/4em-de-couverture-broceliande.jpg 1524w\" sizes=\"auto, (max-width: 688px) 100vw, 688px\" \/><\/figure>\n<\/figure>\n\n\n\n<p>\u00c9ditions &#8220;Vent des Lettres&#8221;<\/p>\n\n\n\n<p>450 pages &#8211; prix 20\u20ac<\/p>\n","protected":false},"excerpt":{"rendered":"<p>\u00c0 sa mort, le dernier roi m\u00e9rovingien, est embaum\u00e9 et conduit par sa garde personnelle, en un lieu sacr\u00e9 en for\u00eat de Broc\u00e9liande. Que cache la myst\u00e9rieuse partition d\u00e9couverte par Amp\u00e8re, un des piliers de l\u2019\u00e9lectro-magn\u00e9tisme&nbsp;? Quel rapport entre ce savant et ces premiers rois de France&nbsp;? Comment Arturo, le r\u00e9fugi\u00e9 r\u00e9publicain espagnol et Emma&#8230;<\/p>\n","protected":false},"author":3,"featured_media":1099,"parent":0,"menu_order":0,"comment_status":"closed","ping_status":"closed","template":"","meta":{"footnotes":""},"class_list":["post-976","page","type-page","status-publish","has-post-thumbnail","hentry"],"_links":{"self":[{"href":"https:\/\/luniondeslivres.com\/index.php\/wp-json\/wp\/v2\/pages\/976","targetHints":{"allow":["GET"]}}],"collection":[{"href":"https:\/\/luniondeslivres.com\/index.php\/wp-json\/wp\/v2\/pages"}],"about":[{"href":"https:\/\/luniondeslivres.com\/index.php\/wp-json\/wp\/v2\/types\/page"}],"author":[{"embeddable":true,"href":"https:\/\/luniondeslivres.com\/index.php\/wp-json\/wp\/v2\/users\/3"}],"replies":[{"embeddable":true,"href":"https:\/\/luniondeslivres.com\/index.php\/wp-json\/wp\/v2\/comments?post=976"}],"version-history":[{"count":5,"href":"https:\/\/luniondeslivres.com\/index.php\/wp-json\/wp\/v2\/pages\/976\/revisions"}],"predecessor-version":[{"id":1124,"href":"https:\/\/luniondeslivres.com\/index.php\/wp-json\/wp\/v2\/pages\/976\/revisions\/1124"}],"wp:featuredmedia":[{"embeddable":true,"href":"https:\/\/luniondeslivres.com\/index.php\/wp-json\/wp\/v2\/media\/1099"}],"wp:attachment":[{"href":"https:\/\/luniondeslivres.com\/index.php\/wp-json\/wp\/v2\/media?parent=976"}],"curies":[{"name":"wp","href":"https:\/\/api.w.org\/{rel}","templated":true}]}}