{"id":984,"date":"2022-10-15T09:58:38","date_gmt":"2022-10-15T07:58:38","guid":{"rendered":"https:\/\/luniondeslivres.com\/?page_id=984"},"modified":"2022-10-15T11:18:49","modified_gmt":"2022-10-15T09:18:49","slug":"quand-lunivers-se-rebelle","status":"publish","type":"page","link":"https:\/\/luniondeslivres.com\/index.php\/quand-lunivers-se-rebelle\/","title":{"rendered":"Quand l&#8217;Univers se rebelle"},"content":{"rendered":"<div class=\"pld-like-dislike-wrap pld-template-1\">\r\n    <div class=\"pld-like-wrap  pld-common-wrap\">\r\n    <a href=\"javascript:void(0)\" class=\"pld-like-trigger pld-like-dislike-trigger  \" title=\"J&#039;aime\" data-post-id=\"984\" data-trigger-type=\"like\" data-restriction=\"cookie\" data-already-liked=\"0\">\r\n                        <i class=\"fas fa-thumbs-up\"><\/i>\r\n                <\/a>\r\n    <span class=\"pld-like-count-wrap pld-count-wrap\">    <\/span>\r\n<\/div><div class=\"pld-dislike-wrap  pld-common-wrap\">\r\n    <a href=\"javascript:void(0)\" class=\"pld-dislike-trigger pld-like-dislike-trigger  \" title=\"J&#039;aime moins\" data-post-id=\"984\" data-trigger-type=\"dislike\" data-restriction=\"cookie\" data-already-liked=\"0\">\r\n                        <i class=\"fas fa-thumbs-down\"><\/i>\r\n                <\/a>\r\n    <span class=\"pld-dislike-count-wrap pld-count-wrap\"><\/span>\r\n<\/div><\/div>\n<p>Un \u00e9clair, une antenne. Anastasia foudroy\u00e9e se r\u00e9veille en compagnie d\u2019un savant g\u00e9nial fra\u00eechement d\u00e9barqu\u00e9 de l\u2019au-del\u00e0 qui ne ma\u00eetrise pas ses apparitions.<\/p>\n\n\n\n<p>Nikola Tesla doit son \u00e9tat de revenant fantasque aux \u00e9tranges propri\u00e9t\u00e9s de la m\u00e9canique quantique.<\/p>\n\n\n\n<p>Au fin fond de l\u2019univers 2 trous noirs se percutent annonciateurs de funestes cons\u00e9quences.<\/p>\n\n\n\n<p>Comment nos deux amis que tout s\u00e9pare vont-ils, sur fond de pand\u00e9mie de Covid 19 et d\u2019\u00e9lections municipales, joindre leurs efforts pour contrer la menace&nbsp;? Tournez la page et suivez nos h\u00e9ros&nbsp;!<\/p>\n\n\n\n<div class=\"wp-block-media-text alignwide is-stacked-on-mobile\"><figure class=\"wp-block-media-text__media\"><img loading=\"lazy\" decoding=\"async\" width=\"491\" height=\"744\" src=\"https:\/\/luniondeslivres.com\/wp-content\/uploads\/2022\/10\/quand-lunivers-se-rebelle-couverture.jpg\" alt=\"\" class=\"wp-image-981 size-full\" srcset=\"https:\/\/luniondeslivres.com\/wp-content\/uploads\/2022\/10\/quand-lunivers-se-rebelle-couverture.jpg 491w, https:\/\/luniondeslivres.com\/wp-content\/uploads\/2022\/10\/quand-lunivers-se-rebelle-couverture-198x300.jpg 198w\" sizes=\"auto, (max-width: 491px) 100vw, 491px\" \/><\/figure><div class=\"wp-block-media-text__content\">\n<p>408 pages &#8211; 20 \u20ac<\/p>\n\n\n\n<p>Ed. VDL<\/p>\n<\/div><\/div>\n","protected":false},"excerpt":{"rendered":"<p>Un \u00e9clair, une antenne. Anastasia foudroy\u00e9e se r\u00e9veille en compagnie d\u2019un savant g\u00e9nial fra\u00eechement d\u00e9barqu\u00e9 de l\u2019au-del\u00e0 qui ne ma\u00eetrise pas ses apparitions. Nikola Tesla doit son \u00e9tat de revenant fantasque aux \u00e9tranges propri\u00e9t\u00e9s de la m\u00e9canique quantique. Au fin fond de l\u2019univers 2 trous noirs se percutent annonciateurs de funestes cons\u00e9quences. Comment nos deux&#8230;<\/p>\n","protected":false},"author":3,"featured_media":1007,"parent":0,"menu_order":0,"comment_status":"closed","ping_status":"closed","template":"","meta":{"footnotes":""},"class_list":["post-984","page","type-page","status-publish","has-post-thumbnail","hentry"],"_links":{"self":[{"href":"https:\/\/luniondeslivres.com\/index.php\/wp-json\/wp\/v2\/pages\/984","targetHints":{"allow":["GET"]}}],"collection":[{"href":"https:\/\/luniondeslivres.com\/index.php\/wp-json\/wp\/v2\/pages"}],"about":[{"href":"https:\/\/luniondeslivres.com\/index.php\/wp-json\/wp\/v2\/types\/page"}],"author":[{"embeddable":true,"href":"https:\/\/luniondeslivres.com\/index.php\/wp-json\/wp\/v2\/users\/3"}],"replies":[{"embeddable":true,"href":"https:\/\/luniondeslivres.com\/index.php\/wp-json\/wp\/v2\/comments?post=984"}],"version-history":[{"count":2,"href":"https:\/\/luniondeslivres.com\/index.php\/wp-json\/wp\/v2\/pages\/984\/revisions"}],"predecessor-version":[{"id":1008,"href":"https:\/\/luniondeslivres.com\/index.php\/wp-json\/wp\/v2\/pages\/984\/revisions\/1008"}],"wp:featuredmedia":[{"embeddable":true,"href":"https:\/\/luniondeslivres.com\/index.php\/wp-json\/wp\/v2\/media\/1007"}],"wp:attachment":[{"href":"https:\/\/luniondeslivres.com\/index.php\/wp-json\/wp\/v2\/media?parent=984"}],"curies":[{"name":"wp","href":"https:\/\/api.w.org\/{rel}","templated":true}]}}