{"id":986,"date":"2022-10-15T09:59:46","date_gmt":"2022-10-15T07:59:46","guid":{"rendered":"https:\/\/luniondeslivres.com\/?page_id=986"},"modified":"2022-10-15T11:18:27","modified_gmt":"2022-10-15T09:18:27","slug":"allo-dieu-ici-les-hommes","status":"publish","type":"page","link":"https:\/\/luniondeslivres.com\/index.php\/allo-dieu-ici-les-hommes\/","title":{"rendered":"Allo Dieu? ici les hommes&#8230;"},"content":{"rendered":"<div class=\"pld-like-dislike-wrap pld-template-1\">\r\n    <div class=\"pld-like-wrap  pld-common-wrap\">\r\n    <a href=\"javascript:void(0)\" class=\"pld-like-trigger pld-like-dislike-trigger  \" title=\"J&#039;aime\" data-post-id=\"986\" data-trigger-type=\"like\" data-restriction=\"cookie\" data-already-liked=\"0\">\r\n                        <i class=\"fas fa-thumbs-up\"><\/i>\r\n                <\/a>\r\n    <span class=\"pld-like-count-wrap pld-count-wrap\">    <\/span>\r\n<\/div><div class=\"pld-dislike-wrap  pld-common-wrap\">\r\n    <a href=\"javascript:void(0)\" class=\"pld-dislike-trigger pld-like-dislike-trigger  \" title=\"J&#039;aime moins\" data-post-id=\"986\" data-trigger-type=\"dislike\" data-restriction=\"cookie\" data-already-liked=\"0\">\r\n                        <i class=\"fas fa-thumbs-down\"><\/i>\r\n                <\/a>\r\n    <span class=\"pld-dislike-count-wrap pld-count-wrap\"><\/span>\r\n<\/div><\/div>\n<p>Ce roman nous entra\u00eenera sur la piste des tables de la loi dans le sillage de Rodrigo Diaz de Vivar, le Cid Campeador et de ses amis, Yusuf et Mundir, les fils de l\u2019\u00e9mir du royaume de Saragosse.<\/p>\n\n\n\n<p>De nos jours, notre h\u00e9ros pense qu\u2019il existe un endroit o\u00f9 se trouve la pierre de v\u00e9rit\u00e9. Une turquoise cubique imprim\u00e9e sur ses 6 faces.<\/p>\n\n\n\n<p>Et Dieu, dans tout \u00e7a&nbsp;? \u00c0 vous de voir&nbsp;!<\/p>\n\n\n\n<div class=\"wp-block-media-text alignwide is-stacked-on-mobile\"><figure class=\"wp-block-media-text__media\"><img loading=\"lazy\" decoding=\"async\" width=\"491\" height=\"744\" src=\"https:\/\/luniondeslivres.com\/wp-content\/uploads\/2022\/10\/Image-a\u0300-venir-et-couverture.jpg\" alt=\"\" class=\"wp-image-982 size-full\" srcset=\"https:\/\/luniondeslivres.com\/wp-content\/uploads\/2022\/10\/Image-a\u0300-venir-et-couverture.jpg 491w, https:\/\/luniondeslivres.com\/wp-content\/uploads\/2022\/10\/Image-a\u0300-venir-et-couverture-198x300.jpg 198w\" sizes=\"auto, (max-width: 491px) 100vw, 491px\" \/><\/figure><div class=\"wp-block-media-text__content\">\n<p>478 pages &#8211; 20 \u20ac<\/p>\n\n\n\n<p>Ed. VDL<\/p>\n<\/div><\/div>\n","protected":false},"excerpt":{"rendered":"<p>Ce roman nous entra\u00eenera sur la piste des tables de la loi dans le sillage de Rodrigo Diaz de Vivar, le Cid Campeador et de ses amis, Yusuf et Mundir, les fils de l\u2019\u00e9mir du royaume de Saragosse. De nos jours, notre h\u00e9ros pense qu\u2019il existe un endroit o\u00f9 se trouve la pierre de v\u00e9rit\u00e9&#8230;.<\/p>\n","protected":false},"author":3,"featured_media":1007,"parent":0,"menu_order":0,"comment_status":"closed","ping_status":"closed","template":"","meta":{"footnotes":""},"class_list":["post-986","page","type-page","status-publish","has-post-thumbnail","hentry"],"_links":{"self":[{"href":"https:\/\/luniondeslivres.com\/index.php\/wp-json\/wp\/v2\/pages\/986","targetHints":{"allow":["GET"]}}],"collection":[{"href":"https:\/\/luniondeslivres.com\/index.php\/wp-json\/wp\/v2\/pages"}],"about":[{"href":"https:\/\/luniondeslivres.com\/index.php\/wp-json\/wp\/v2\/types\/page"}],"author":[{"embeddable":true,"href":"https:\/\/luniondeslivres.com\/index.php\/wp-json\/wp\/v2\/users\/3"}],"replies":[{"embeddable":true,"href":"https:\/\/luniondeslivres.com\/index.php\/wp-json\/wp\/v2\/comments?post=986"}],"version-history":[{"count":1,"href":"https:\/\/luniondeslivres.com\/index.php\/wp-json\/wp\/v2\/pages\/986\/revisions"}],"predecessor-version":[{"id":987,"href":"https:\/\/luniondeslivres.com\/index.php\/wp-json\/wp\/v2\/pages\/986\/revisions\/987"}],"wp:featuredmedia":[{"embeddable":true,"href":"https:\/\/luniondeslivres.com\/index.php\/wp-json\/wp\/v2\/media\/1007"}],"wp:attachment":[{"href":"https:\/\/luniondeslivres.com\/index.php\/wp-json\/wp\/v2\/media?parent=986"}],"curies":[{"name":"wp","href":"https:\/\/api.w.org\/{rel}","templated":true}]}}