{"id":988,"date":"2022-10-15T10:01:28","date_gmt":"2022-10-15T08:01:28","guid":{"rendered":"https:\/\/luniondeslivres.com\/?page_id=988"},"modified":"2022-10-17T09:20:46","modified_gmt":"2022-10-17T07:20:46","slug":"le-testament-de-nicolas-flamel","status":"publish","type":"page","link":"https:\/\/luniondeslivres.com\/index.php\/le-testament-de-nicolas-flamel\/","title":{"rendered":"Le testament de Nicolas Flamel"},"content":{"rendered":"<div class=\"pld-like-dislike-wrap pld-template-1\">\r\n    <div class=\"pld-like-wrap  pld-common-wrap\">\r\n    <a href=\"javascript:void(0)\" class=\"pld-like-trigger pld-like-dislike-trigger  \" title=\"J&#039;aime\" data-post-id=\"988\" data-trigger-type=\"like\" data-restriction=\"cookie\" data-already-liked=\"0\">\r\n                        <i class=\"fas fa-thumbs-up\"><\/i>\r\n                <\/a>\r\n    <span class=\"pld-like-count-wrap pld-count-wrap\">    <\/span>\r\n<\/div><div class=\"pld-dislike-wrap  pld-common-wrap\">\r\n    <a href=\"javascript:void(0)\" class=\"pld-dislike-trigger pld-like-dislike-trigger  \" title=\"J&#039;aime moins\" data-post-id=\"988\" data-trigger-type=\"dislike\" data-restriction=\"cookie\" data-already-liked=\"0\">\r\n                        <i class=\"fas fa-thumbs-down\"><\/i>\r\n                <\/a>\r\n    <span class=\"pld-dislike-count-wrap pld-count-wrap\"><\/span>\r\n<\/div><\/div>\n<p>Lors de la folie meurtri\u00e8re de la bataille de Verdun, en avril 1916, un myst\u00e9rieux \u00e9tui est exhum\u00e9.<\/p>\n\n\n\n<p>Des ann\u00e9es plus tard, \u00e0 la veille des \u00e9v\u00e9nements de mai 1968, Antoine, un jeune \u00e9tudiant de la Sorbonne, re\u00e7oit ce curieux objet en h\u00e9ritage.<\/p>\n\n\n\n<p>Quel rapport entre ce don posthume et le sulfureux alchimiste Nicolas Flamel&nbsp;?<\/p>\n\n\n\n<p>Quel usage Antoine pourra-t-il faire de ce cadeau venu du fond des \u00e2ges&nbsp;?<\/p>\n\n\n\n<p>Delphine recouvrera-t-elle la vue apr\u00e8s sa blessure sur la barricade de la rue Gay-Lussac&nbsp;?<\/p>\n\n\n\n<p>Pourquoi la lumi\u00e8re est-elle la cl\u00e9 du myst\u00e8re&nbsp;?<\/p>\n\n\n\n<p>Autant de questions dont le lecteur trouvera la r\u00e9ponse dans&nbsp;:<strong>\u00ab&nbsp;Le testament de Nicolas Flamel&nbsp;<\/strong>&#8220;<\/p>\n\n\n\n<div class=\"wp-block-media-text alignwide is-stacked-on-mobile\"><figure class=\"wp-block-media-text__media\"><img loading=\"lazy\" decoding=\"async\" width=\"491\" height=\"744\" src=\"https:\/\/luniondeslivres.com\/wp-content\/uploads\/2022\/10\/le-testament-de-nicolas-flamel-couverture.jpg\" alt=\"\" class=\"wp-image-980 size-full\" srcset=\"https:\/\/luniondeslivres.com\/wp-content\/uploads\/2022\/10\/le-testament-de-nicolas-flamel-couverture.jpg 491w, https:\/\/luniondeslivres.com\/wp-content\/uploads\/2022\/10\/le-testament-de-nicolas-flamel-couverture-198x300.jpg 198w\" sizes=\"auto, (max-width: 491px) 100vw, 491px\" \/><\/figure><div class=\"wp-block-media-text__content\">\n<p>511 pages &#8211; 20 \u20ac<\/p>\n\n\n\n<p>Ed. Lieberfaber<\/p>\n<\/div><\/div>\n","protected":false},"excerpt":{"rendered":"<p>Lors de la folie meurtri\u00e8re de la bataille de Verdun, en avril 1916, un myst\u00e9rieux \u00e9tui est exhum\u00e9. Des ann\u00e9es plus tard, \u00e0 la veille des \u00e9v\u00e9nements de mai 1968, Antoine, un jeune \u00e9tudiant de la Sorbonne, re\u00e7oit ce curieux objet en h\u00e9ritage. Quel rapport entre ce don posthume et le sulfureux alchimiste Nicolas Flamel&nbsp;?&#8230;<\/p>\n","protected":false},"author":3,"featured_media":1006,"parent":0,"menu_order":0,"comment_status":"open","ping_status":"closed","template":"","meta":{"footnotes":""},"class_list":["post-988","page","type-page","status-publish","has-post-thumbnail","hentry"],"_links":{"self":[{"href":"https:\/\/luniondeslivres.com\/index.php\/wp-json\/wp\/v2\/pages\/988","targetHints":{"allow":["GET"]}}],"collection":[{"href":"https:\/\/luniondeslivres.com\/index.php\/wp-json\/wp\/v2\/pages"}],"about":[{"href":"https:\/\/luniondeslivres.com\/index.php\/wp-json\/wp\/v2\/types\/page"}],"author":[{"embeddable":true,"href":"https:\/\/luniondeslivres.com\/index.php\/wp-json\/wp\/v2\/users\/3"}],"replies":[{"embeddable":true,"href":"https:\/\/luniondeslivres.com\/index.php\/wp-json\/wp\/v2\/comments?post=988"}],"version-history":[{"count":2,"href":"https:\/\/luniondeslivres.com\/index.php\/wp-json\/wp\/v2\/pages\/988\/revisions"}],"predecessor-version":[{"id":1004,"href":"https:\/\/luniondeslivres.com\/index.php\/wp-json\/wp\/v2\/pages\/988\/revisions\/1004"}],"wp:featuredmedia":[{"embeddable":true,"href":"https:\/\/luniondeslivres.com\/index.php\/wp-json\/wp\/v2\/media\/1006"}],"wp:attachment":[{"href":"https:\/\/luniondeslivres.com\/index.php\/wp-json\/wp\/v2\/media?parent=988"}],"curies":[{"name":"wp","href":"https:\/\/api.w.org\/{rel}","templated":true}]}}