{"id":990,"date":"2022-10-15T10:02:51","date_gmt":"2022-10-15T08:02:51","guid":{"rendered":"https:\/\/luniondeslivres.com\/?page_id=990"},"modified":"2022-10-15T11:15:09","modified_gmt":"2022-10-15T09:15:09","slug":"lheritage-du-manchot-de-lepante","status":"publish","type":"page","link":"https:\/\/luniondeslivres.com\/index.php\/lheritage-du-manchot-de-lepante\/","title":{"rendered":"L&#8217;h\u00e9ritage du manchot de L\u00e9pante"},"content":{"rendered":"<div class=\"pld-like-dislike-wrap pld-template-1\">\r\n    <div class=\"pld-like-wrap  pld-common-wrap\">\r\n    <a href=\"javascript:void(0)\" class=\"pld-like-trigger pld-like-dislike-trigger  \" title=\"J&#039;aime\" data-post-id=\"990\" data-trigger-type=\"like\" data-restriction=\"cookie\" data-already-liked=\"0\">\r\n                        <i class=\"fas fa-thumbs-up\"><\/i>\r\n                <\/a>\r\n    <span class=\"pld-like-count-wrap pld-count-wrap\">    <\/span>\r\n<\/div><div class=\"pld-dislike-wrap  pld-common-wrap\">\r\n    <a href=\"javascript:void(0)\" class=\"pld-dislike-trigger pld-like-dislike-trigger  \" title=\"J&#039;aime moins\" data-post-id=\"990\" data-trigger-type=\"dislike\" data-restriction=\"cookie\" data-already-liked=\"0\">\r\n                        <i class=\"fas fa-thumbs-down\"><\/i>\r\n                <\/a>\r\n    <span class=\"pld-dislike-count-wrap pld-count-wrap\"><\/span>\r\n<\/div><\/div>\n<p>Au cours de la bataille de L\u00e9pante, le conquistador Hernando de Alarcon, r\u00e9v\u00e8le, un immense secret au cr\u00e9ateur du l\u00e9gendaire don Quichotte.<\/p>\n\n\n\n<p><a><\/a>De nos jours, Pierre, physicien retrait\u00e9, reprend cette qu\u00eate \u00e0 son compte et affronte un tueur \u00e0 gages soutenu par les puissances de l\u2019argent et du pouvoir.<\/p>\n\n\n\n<p>Pierre parviendra-t-il \u00e0 faire \u00e9clater au grand jour sa fabuleuse d\u00e9couverte&nbsp;?<\/p>\n\n\n\n<p>De quelle fa\u00e7on cette invention relie-t-elle Cervant\u00e8s et le chercheur du 21<sup>e<\/sup> si\u00e8cle&nbsp;?<\/p>\n\n\n\n<p>Vous le d\u00e9couvrirez en vous plongeant dans&nbsp;:<\/p>\n\n\n\n<p><strong>\u00ab&nbsp;L\u2019h\u00e9ritage du manchot de L\u00e9pante&nbsp;\u00bb<\/strong><\/p>\n\n\n\n<div class=\"wp-block-media-text alignwide is-stacked-on-mobile\"><figure class=\"wp-block-media-text__media\"><img loading=\"lazy\" decoding=\"async\" width=\"491\" height=\"744\" src=\"https:\/\/luniondeslivres.com\/wp-content\/uploads\/2022\/10\/lhe\u0301ritage-du-manchot-de-le\u0301pante-couverture.jpg\" alt=\"\" class=\"wp-image-979 size-full\" srcset=\"https:\/\/luniondeslivres.com\/wp-content\/uploads\/2022\/10\/lhe\u0301ritage-du-manchot-de-le\u0301pante-couverture.jpg 491w, https:\/\/luniondeslivres.com\/wp-content\/uploads\/2022\/10\/lhe\u0301ritage-du-manchot-de-le\u0301pante-couverture-198x300.jpg 198w\" sizes=\"auto, (max-width: 491px) 100vw, 491px\" \/><\/figure><div class=\"wp-block-media-text__content\">\n<p>551 pages &#8211; 20 \u20ac<\/p>\n\n\n\n<p>Ed. liberfaber<\/p>\n<\/div><\/div>\n","protected":false},"excerpt":{"rendered":"<p>Au cours de la bataille de L\u00e9pante, le conquistador Hernando de Alarcon, r\u00e9v\u00e8le, un immense secret au cr\u00e9ateur du l\u00e9gendaire don Quichotte. De nos jours, Pierre, physicien retrait\u00e9, reprend cette qu\u00eate \u00e0 son compte et affronte un tueur \u00e0 gages soutenu par les puissances de l\u2019argent et du pouvoir. Pierre parviendra-t-il \u00e0 faire \u00e9clater au&#8230;<\/p>\n","protected":false},"author":3,"featured_media":1006,"parent":0,"menu_order":0,"comment_status":"open","ping_status":"closed","template":"","meta":{"footnotes":""},"class_list":["post-990","page","type-page","status-publish","has-post-thumbnail","hentry"],"_links":{"self":[{"href":"https:\/\/luniondeslivres.com\/index.php\/wp-json\/wp\/v2\/pages\/990","targetHints":{"allow":["GET"]}}],"collection":[{"href":"https:\/\/luniondeslivres.com\/index.php\/wp-json\/wp\/v2\/pages"}],"about":[{"href":"https:\/\/luniondeslivres.com\/index.php\/wp-json\/wp\/v2\/types\/page"}],"author":[{"embeddable":true,"href":"https:\/\/luniondeslivres.com\/index.php\/wp-json\/wp\/v2\/users\/3"}],"replies":[{"embeddable":true,"href":"https:\/\/luniondeslivres.com\/index.php\/wp-json\/wp\/v2\/comments?post=990"}],"version-history":[{"count":1,"href":"https:\/\/luniondeslivres.com\/index.php\/wp-json\/wp\/v2\/pages\/990\/revisions"}],"predecessor-version":[{"id":991,"href":"https:\/\/luniondeslivres.com\/index.php\/wp-json\/wp\/v2\/pages\/990\/revisions\/991"}],"wp:featuredmedia":[{"embeddable":true,"href":"https:\/\/luniondeslivres.com\/index.php\/wp-json\/wp\/v2\/media\/1006"}],"wp:attachment":[{"href":"https:\/\/luniondeslivres.com\/index.php\/wp-json\/wp\/v2\/media?parent=990"}],"curies":[{"name":"wp","href":"https:\/\/api.w.org\/{rel}","templated":true}]}}