{"id":992,"date":"2022-10-15T10:04:31","date_gmt":"2022-10-15T08:04:31","guid":{"rendered":"https:\/\/luniondeslivres.com\/?page_id=992"},"modified":"2022-10-17T09:20:52","modified_gmt":"2022-10-17T07:20:52","slug":"les-manuscrits-du-templier-de-gisors","status":"publish","type":"page","link":"https:\/\/luniondeslivres.com\/index.php\/les-manuscrits-du-templier-de-gisors\/","title":{"rendered":"Les manuscrits du Templier de Gisors"},"content":{"rendered":"<div class=\"pld-like-dislike-wrap pld-template-1\">\r\n    <div class=\"pld-like-wrap  pld-common-wrap\">\r\n    <a href=\"javascript:void(0)\" class=\"pld-like-trigger pld-like-dislike-trigger  \" title=\"J&#039;aime\" data-post-id=\"992\" data-trigger-type=\"like\" data-restriction=\"cookie\" data-already-liked=\"0\">\r\n                        <i class=\"fas fa-thumbs-up\"><\/i>\r\n                <\/a>\r\n    <span class=\"pld-like-count-wrap pld-count-wrap\">    <\/span>\r\n<\/div><div class=\"pld-dislike-wrap  pld-common-wrap\">\r\n    <a href=\"javascript:void(0)\" class=\"pld-dislike-trigger pld-like-dislike-trigger  \" title=\"J&#039;aime moins\" data-post-id=\"992\" data-trigger-type=\"dislike\" data-restriction=\"cookie\" data-already-liked=\"0\">\r\n                        <i class=\"fas fa-thumbs-down\"><\/i>\r\n                <\/a>\r\n    <span class=\"pld-dislike-count-wrap pld-count-wrap\"><\/span>\r\n<\/div><\/div>\n<p>Paul, \u00e9nigmatique meunier f\u00e9ru de l\u00e9gendes templi\u00e8res, dispara\u00eet en laissant son moulin en panne.<\/p>\n\n\n\n<p>Quel soutien Any son mari et ses amis pourront-ils lui apporter&nbsp;?<\/p>\n\n\n\n<p>Comment les responsables de l\u2019ordre de la source, h\u00e9ritiers des secrets les plus anciens des Templiers, s\u2019associeront-ils discr\u00e8tement aux recherches de nos h\u00e9ros&nbsp;?<\/p>\n\n\n\n<p>Qui sont donc ces obscurs sbires du Nouvel Ordre de Calatrava qui cherchent par tous les moyens \u00e0 restaurer les jours sombres du Franquisme&nbsp;?<\/p>\n\n\n\n<p>Comment Sophie \u00e9chappera-t-elle aux griffes de Santiago Molina Sainz le grand-ma\u00eetre de cette redoutable organisation&nbsp;?<\/p>\n\n\n\n<p>Les cl\u00e9s de l\u2019univers s\u2019offrent \u00e0 vous dans&nbsp;: \u00ab<strong>&nbsp;Les manuscrits du Templier de Gisors&nbsp;\u00bb<\/strong><\/p>\n\n\n\n<div class=\"wp-block-media-text alignwide is-stacked-on-mobile\"><figure class=\"wp-block-media-text__media\"><img loading=\"lazy\" decoding=\"async\" width=\"491\" height=\"744\" src=\"https:\/\/luniondeslivres.com\/wp-content\/uploads\/2022\/10\/les-mansucrits-du-Templier-de-Gisors-couverture.jpg\" alt=\"\" class=\"wp-image-978 size-full\" srcset=\"https:\/\/luniondeslivres.com\/wp-content\/uploads\/2022\/10\/les-mansucrits-du-Templier-de-Gisors-couverture.jpg 491w, https:\/\/luniondeslivres.com\/wp-content\/uploads\/2022\/10\/les-mansucrits-du-Templier-de-Gisors-couverture-198x300.jpg 198w\" sizes=\"auto, (max-width: 491px) 100vw, 491px\" \/><\/figure><div class=\"wp-block-media-text__content\">\n<p>507 pages &#8211; 20 \u20ac<\/p>\n\n\n\n<p>Ed. Lieberfaber<\/p>\n<\/div><\/div>\n","protected":false},"excerpt":{"rendered":"<p>Paul, \u00e9nigmatique meunier f\u00e9ru de l\u00e9gendes templi\u00e8res, dispara\u00eet en laissant son moulin en panne. Quel soutien Any son mari et ses amis pourront-ils lui apporter&nbsp;? Comment les responsables de l\u2019ordre de la source, h\u00e9ritiers des secrets les plus anciens des Templiers, s\u2019associeront-ils discr\u00e8tement aux recherches de nos h\u00e9ros&nbsp;? Qui sont donc ces obscurs sbires du&#8230;<\/p>\n","protected":false},"author":3,"featured_media":1006,"parent":0,"menu_order":0,"comment_status":"open","ping_status":"closed","template":"","meta":{"footnotes":""},"class_list":["post-992","page","type-page","status-publish","has-post-thumbnail","hentry"],"_links":{"self":[{"href":"https:\/\/luniondeslivres.com\/index.php\/wp-json\/wp\/v2\/pages\/992","targetHints":{"allow":["GET"]}}],"collection":[{"href":"https:\/\/luniondeslivres.com\/index.php\/wp-json\/wp\/v2\/pages"}],"about":[{"href":"https:\/\/luniondeslivres.com\/index.php\/wp-json\/wp\/v2\/types\/page"}],"author":[{"embeddable":true,"href":"https:\/\/luniondeslivres.com\/index.php\/wp-json\/wp\/v2\/users\/3"}],"replies":[{"embeddable":true,"href":"https:\/\/luniondeslivres.com\/index.php\/wp-json\/wp\/v2\/comments?post=992"}],"version-history":[{"count":1,"href":"https:\/\/luniondeslivres.com\/index.php\/wp-json\/wp\/v2\/pages\/992\/revisions"}],"predecessor-version":[{"id":993,"href":"https:\/\/luniondeslivres.com\/index.php\/wp-json\/wp\/v2\/pages\/992\/revisions\/993"}],"wp:featuredmedia":[{"embeddable":true,"href":"https:\/\/luniondeslivres.com\/index.php\/wp-json\/wp\/v2\/media\/1006"}],"wp:attachment":[{"href":"https:\/\/luniondeslivres.com\/index.php\/wp-json\/wp\/v2\/media?parent=992"}],"curies":[{"name":"wp","href":"https:\/\/api.w.org\/{rel}","templated":true}]}}