{"id":994,"date":"2022-10-15T10:05:53","date_gmt":"2022-10-15T08:05:53","guid":{"rendered":"https:\/\/luniondeslivres.com\/?page_id=994"},"modified":"2023-08-01T08:29:23","modified_gmt":"2023-08-01T06:29:23","slug":"la-vengeance-de-larche-dalliance","status":"publish","type":"page","link":"https:\/\/luniondeslivres.com\/index.php\/la-vengeance-de-larche-dalliance\/","title":{"rendered":"La vengeance de l&#8217;Arche d&#8217;alliance"},"content":{"rendered":"<div class=\"pld-like-dislike-wrap pld-template-1\">\r\n    <div class=\"pld-like-wrap  pld-common-wrap\">\r\n    <a href=\"javascript:void(0)\" class=\"pld-like-trigger pld-like-dislike-trigger  \" title=\"J&#039;aime\" data-post-id=\"994\" data-trigger-type=\"like\" data-restriction=\"cookie\" data-already-liked=\"0\">\r\n                        <i class=\"fas fa-thumbs-up\"><\/i>\r\n                <\/a>\r\n    <span class=\"pld-like-count-wrap pld-count-wrap\">    <\/span>\r\n<\/div><div class=\"pld-dislike-wrap  pld-common-wrap\">\r\n    <a href=\"javascript:void(0)\" class=\"pld-dislike-trigger pld-like-dislike-trigger  \" title=\"J&#039;aime moins\" data-post-id=\"994\" data-trigger-type=\"dislike\" data-restriction=\"cookie\" data-already-liked=\"0\">\r\n                        <i class=\"fas fa-thumbs-down\"><\/i>\r\n                <\/a>\r\n    <span class=\"pld-dislike-count-wrap pld-count-wrap\"><\/span>\r\n<\/div><\/div>\n<p>Jacques M\u00e9daille, professeur d\u2019histoire et Gu\u00e9nol\u00e9, jeune novice, se lancent \u00e0 la recherche des reliques sacr\u00e9es du Temple de Salomon.<\/p>\n\n\n\n<p>Conserv\u00e9es au monast\u00e8re de Monte Cassino en Italie, elles sont \u00e9parpill\u00e9es pendant la 2<sup>e<\/sup> Guerre mondiale entre Pays de Retz et nord Vend\u00e9e par les franciscains de l\u2019abbaye de Cimiez \u00e0 Nice.<\/p>\n\n\n\n<p>Dans l\u2019ombre du sinistre Gilles de Rais, le lecteur r\u00e9soudra les \u00e9nigmes laiss\u00e9es par les moines et d\u00e9couvrira quelques sites embl\u00e9matiques de cette r\u00e9gion blottie entre Bretagne et Vend\u00e9e.<\/p>\n\n\n\n<p>Quel r\u00f4le jouera l\u2019arche des H\u00e9breux dans cette lutte du bien contre la violence et la cupidit\u00e9, c\u2019est ce que vous apprendrez en tournant les pages de&nbsp;:<\/p>\n\n\n\n<p><strong>\u00ab&nbsp;La vengeance de l\u2019Arche d\u2019alliance&nbsp;\u00bb<\/strong><\/p>\n\n\n\n<div class=\"wp-block-media-text alignwide is-stacked-on-mobile\"><figure class=\"wp-block-media-text__media\"><img loading=\"lazy\" decoding=\"async\" width=\"491\" height=\"744\" src=\"https:\/\/luniondeslivres.com\/wp-content\/uploads\/2022\/10\/la-vengeance-de-larche-dalliance-couverture.jpg\" alt=\"\" class=\"wp-image-977 size-full\" srcset=\"https:\/\/luniondeslivres.com\/wp-content\/uploads\/2022\/10\/la-vengeance-de-larche-dalliance-couverture.jpg 491w, https:\/\/luniondeslivres.com\/wp-content\/uploads\/2022\/10\/la-vengeance-de-larche-dalliance-couverture-198x300.jpg 198w\" sizes=\"auto, (max-width: 491px) 100vw, 491px\" \/><\/figure><div class=\"wp-block-media-text__content\">\n<p>366 pages -20\u20ac<\/p>\n\n\n\n<p>\u00c9ditions &#8220;Vent des Lettres&#8221;<\/p>\n<\/div><\/div>\n","protected":false},"excerpt":{"rendered":"<p>Jacques M\u00e9daille, professeur d\u2019histoire et Gu\u00e9nol\u00e9, jeune novice, se lancent \u00e0 la recherche des reliques sacr\u00e9es du Temple de Salomon. Conserv\u00e9es au monast\u00e8re de Monte Cassino en Italie, elles sont \u00e9parpill\u00e9es pendant la 2e Guerre mondiale entre Pays de Retz et nord Vend\u00e9e par les franciscains de l\u2019abbaye de Cimiez \u00e0 Nice. Dans l\u2019ombre du&#8230;<\/p>\n","protected":false},"author":3,"featured_media":1006,"parent":0,"menu_order":0,"comment_status":"open","ping_status":"closed","template":"","meta":{"footnotes":""},"class_list":["post-994","page","type-page","status-publish","has-post-thumbnail","hentry"],"_links":{"self":[{"href":"https:\/\/luniondeslivres.com\/index.php\/wp-json\/wp\/v2\/pages\/994","targetHints":{"allow":["GET"]}}],"collection":[{"href":"https:\/\/luniondeslivres.com\/index.php\/wp-json\/wp\/v2\/pages"}],"about":[{"href":"https:\/\/luniondeslivres.com\/index.php\/wp-json\/wp\/v2\/types\/page"}],"author":[{"embeddable":true,"href":"https:\/\/luniondeslivres.com\/index.php\/wp-json\/wp\/v2\/users\/3"}],"replies":[{"embeddable":true,"href":"https:\/\/luniondeslivres.com\/index.php\/wp-json\/wp\/v2\/comments?post=994"}],"version-history":[{"count":2,"href":"https:\/\/luniondeslivres.com\/index.php\/wp-json\/wp\/v2\/pages\/994\/revisions"}],"predecessor-version":[{"id":1123,"href":"https:\/\/luniondeslivres.com\/index.php\/wp-json\/wp\/v2\/pages\/994\/revisions\/1123"}],"wp:featuredmedia":[{"embeddable":true,"href":"https:\/\/luniondeslivres.com\/index.php\/wp-json\/wp\/v2\/media\/1006"}],"wp:attachment":[{"href":"https:\/\/luniondeslivres.com\/index.php\/wp-json\/wp\/v2\/media?parent=994"}],"curies":[{"name":"wp","href":"https:\/\/api.w.org\/{rel}","templated":true}]}}